{"id":8,"date":"2024-08-22T19:59:45","date_gmt":"2024-08-22T19:59:45","guid":{"rendered":"https:\/\/atypiques-et-epanouis.fr\/?page_id=8"},"modified":"2025-03-23T06:17:10","modified_gmt":"2025-03-23T06:17:10","slug":"homepage","status":"publish","type":"page","link":"https:\/\/atypiques-et-epanouis.fr\/","title":{"rendered":"ACCUEIL"},"content":{"rendered":"\n<div class=\"wp-block-cover alignfull\" style=\"min-height:100vh;aspect-ratio:unset;\"><span aria-hidden=\"true\" class=\"wp-block-cover__background has-background-dim-20 has-background-dim\" style=\"background-color:#7e6466\"><\/span><img loading=\"lazy\" decoding=\"async\" width=\"2000\" height=\"1200\" class=\"wp-block-cover__image-background wp-image-14\" alt=\"\" src=\"https:\/\/atypiques-et-epanouis.fr\/wp-content\/uploads\/2024\/08\/cropped-Logo-fond-transp.png\" data-object-fit=\"cover\" srcset=\"https:\/\/atypiques-et-epanouis.fr\/wp-content\/uploads\/2024\/08\/cropped-Logo-fond-transp.png 2000w, https:\/\/atypiques-et-epanouis.fr\/wp-content\/uploads\/2024\/08\/cropped-Logo-fond-transp-300x180.png 300w, https:\/\/atypiques-et-epanouis.fr\/wp-content\/uploads\/2024\/08\/cropped-Logo-fond-transp-1024x614.png 1024w\" sizes=\"auto, (max-width: 2000px) 100vw, 2000px\" \/><div class=\"wp-block-cover__inner-container has-global-padding is-layout-constrained wp-block-cover-is-layout-constrained\">\n<p class=\"has-text-align-center has-white-color has-text-color has-max-60-font-size\" style=\"font-style:normal;font-weight:900;line-height:1.2\"><strong><mark style=\"background-color:rgba(0, 0, 0, 0);color:#c4d6ba\" class=\"has-inline-color\">ATYPIQUE ET \u00c9PANOUIS<\/mark><\/strong><\/p>\n\n\n\n<p class=\"has-text-align-center has-white-color has-text-color has-medium-font-size\"><strong><mark style=\"background-color:rgba(0, 0, 0, 0);color:#c4d6ba\" class=\"has-inline-color\">Pour l\u2019information et la soutien des enfants atypiques et de leur famille<\/mark><\/strong><\/p>\n\n\n\n<div style=\"height:55px\" aria-hidden=\"true\" class=\"wp-block-spacer\"><\/div>\n\n\n\n<div class=\"wp-block-buttons is-content-justification-center is-layout-flex wp-container-core-buttons-is-layout-a89b3969 wp-block-buttons-is-layout-flex\">\n<div class=\"wp-block-button is-style-fill\"><a class=\"wp-block-button__link has-white-color has-text-color wp-element-button\" href=\"https:\/\/atypiques-et-epanouis.fr\/?page_id=91\" style=\"border-radius:0px\">RESSOURCES<\/a><\/div>\n\n\n\n<div class=\"wp-block-button is-style-fill\"><a class=\"wp-block-button__link wp-element-button\" href=\"https:\/\/www.helloasso.com\/associations\/atypiques-et-epanouis\/adhesions\/adhesion-a-l-association\" target=\"_blank\" rel=\"noreferrer noopener\">ADH\u00c9RER<\/a><\/div>\n\n\n\n<div class=\"wp-block-button is-style-fill\"><a class=\"wp-block-button__link wp-element-button\" href=\"https:\/\/atypiques-et-epanouis.fr\/?page_id=97\">CONTACTS<\/a><\/div>\n<\/div>\n\n\n\n<p><\/p>\n<\/div><\/div>\n\n\n\n<div class=\"wp-block-group has-global-padding is-layout-constrained wp-block-group-is-layout-constrained\">\n<div style=\"height:57px\" aria-hidden=\"true\" class=\"wp-block-spacer\"><\/div>\n\n\n\n<h2 class=\"wp-block-heading has-text-align-center has-medium-font-size\" style=\"letter-spacing:1px\">UNE ASSOCIATION BAS\u00c9E \u00c0 CERGY-PONTOISE<\/h2>\n\n\n\n<p class=\"has-text-align-center\">\u00ab&nbsp;Atypiques et \u00e9panouis&nbsp;\u00bb a pour but d\u2019\u0153uvrer pour l\u2019\u00e9panouissement de tous les enfants &#8211; atypiques ou non &#8211; et de leurs familles<\/p>\n\n\n\n<div class=\"wp-block-buttons is-horizontal is-content-justification-center is-layout-flex wp-container-core-buttons-is-layout-03627597 wp-block-buttons-is-layout-flex\">\n<div class=\"wp-block-button has-custom-font-size is-style-outline has-small-font-size is-style-outline--1\"><a class=\"wp-block-button__link wp-element-button\" href=\"https:\/\/atypiques-et-epanouis.fr\/?page_id=69\" style=\"border-radius:0px\">NOS ACTIONS<\/a><\/div>\n<\/div>\n\n\n\n<div style=\"height:57px\" aria-hidden=\"true\" class=\"wp-block-spacer\"><\/div>\n<\/div>\n\n\n\n<div class=\"wp-block-group alignfull pattern_multiple_covers has-background has-global-padding is-layout-constrained wp-block-group-is-layout-constrained\" id=\"services\" style=\"background-color:#f8f8f8\">\n<div style=\"height:84px\" aria-hidden=\"true\" class=\"wp-block-spacer\"><\/div>\n\n\n\n<h2 class=\"wp-block-heading has-text-align-left\">Ce que nous mettons \u00e0 votre disposition\u2026<\/h2>\n\n\n\n<p class=\"has-text-align-left\">\u00ab&nbsp;Atypiques et \u00e9panouis&nbsp;\u00bb et sa pr\u00e9sidente Gaelle M\u00e9nard mettent \u00e0 votre dispositions de nombreuses ressources, organisent des \u00e9v\u00e9nements tout au long de l\u2019ann\u00e9e et sur demande. Il ne vous reste plus qu\u2019\u00e0 les d\u00e9couvrir.<\/p>\n\n\n\n<div style=\"height:46px\" aria-hidden=\"true\" class=\"wp-block-spacer\"><\/div>\n\n\n\n<div class=\"wp-block-columns is-layout-flex wp-container-core-columns-is-layout-28f84493 wp-block-columns-is-layout-flex\">\n<div class=\"wp-block-column is-layout-flow wp-block-column-is-layout-flow\" style=\"padding-top:0;padding-right:0;padding-bottom:0;padding-left:0\">\n<div class=\"wp-block-cover has-custom-content-position is-position-bottom-left\" style=\"padding-top:var(--wp--preset--spacing--small);padding-right:var(--wp--preset--spacing--x-small);padding-bottom:var(--wp--preset--spacing--small);padding-left:var(--wp--preset--spacing--x-small)\"><span aria-hidden=\"true\" class=\"wp-block-cover__background has-primary-background-color has-background-dim-70 has-background-dim\"><\/span><img loading=\"lazy\" decoding=\"async\" width=\"1024\" height=\"1024\" class=\"wp-block-cover__image-background wp-image-133\" alt=\"\" src=\"https:\/\/atypiques-et-epanouis.fr\/wp-content\/uploads\/2024\/08\/25FDA1A1-43E3-486D-A1C2-7EA5EFA69B1D.webp\" data-object-fit=\"cover\" srcset=\"https:\/\/atypiques-et-epanouis.fr\/wp-content\/uploads\/2024\/08\/25FDA1A1-43E3-486D-A1C2-7EA5EFA69B1D.webp 1024w, https:\/\/atypiques-et-epanouis.fr\/wp-content\/uploads\/2024\/08\/25FDA1A1-43E3-486D-A1C2-7EA5EFA69B1D-300x300.webp 300w, https:\/\/atypiques-et-epanouis.fr\/wp-content\/uploads\/2024\/08\/25FDA1A1-43E3-486D-A1C2-7EA5EFA69B1D-150x150.webp 150w\" sizes=\"auto, (max-width: 1024px) 100vw, 1024px\" \/><div class=\"wp-block-cover__inner-container is-layout-flow wp-block-cover-is-layout-flow\">\n<h3 class=\"wp-block-heading has-white-color has-text-color has-medium-font-size\" style=\"margin-top:0;margin-right:0;margin-bottom:0;margin-left:0\">Des ressources \u00e0 votre disposition\u2026<\/h3>\n\n\n\n<p class=\"has-secondary-color has-text-color has-link-color wp-elements-4dfd0b131a0b2dca86d0756f0661c438\" style=\"margin-top:0;margin-right:0;margin-bottom:0;margin-left:0\"><a href=\"https:\/\/atypiques-et-epanouis.fr\/?page_id=91\" data-type=\"page\" data-id=\"91\">En savoir plus \u2192<\/a><\/p>\n<\/div><\/div>\n<\/div>\n\n\n\n<div class=\"wp-block-column is-layout-flow wp-block-column-is-layout-flow\" style=\"padding-top:0;padding-right:0;padding-bottom:0;padding-left:0\">\n<div class=\"wp-block-cover has-custom-content-position is-position-bottom-left\" style=\"padding-top:var(--wp--preset--spacing--small);padding-right:var(--wp--preset--spacing--x-small);padding-bottom:var(--wp--preset--spacing--small);padding-left:var(--wp--preset--spacing--x-small)\"><span aria-hidden=\"true\" class=\"wp-block-cover__background has-primary-background-color has-background-dim-70 has-background-dim\"><\/span><img loading=\"lazy\" decoding=\"async\" width=\"853\" height=\"1143\" class=\"wp-block-cover__image-background wp-image-149\" alt=\"\" src=\"https:\/\/atypiques-et-epanouis.fr\/wp-content\/uploads\/2024\/09\/IMG_0081.jpeg\" data-object-fit=\"cover\" srcset=\"https:\/\/atypiques-et-epanouis.fr\/wp-content\/uploads\/2024\/09\/IMG_0081.jpeg 853w, https:\/\/atypiques-et-epanouis.fr\/wp-content\/uploads\/2024\/09\/IMG_0081-224x300.jpeg 224w, https:\/\/atypiques-et-epanouis.fr\/wp-content\/uploads\/2024\/09\/IMG_0081-764x1024.jpeg 764w\" sizes=\"auto, (max-width: 853px) 100vw, 853px\" \/><div class=\"wp-block-cover__inner-container is-layout-flow wp-block-cover-is-layout-flow\">\n<h3 class=\"wp-block-heading has-white-color has-text-color has-medium-font-size\" style=\"margin-top:0;margin-right:0;margin-bottom:0;margin-left:0\">\u00c9v\u00e9nements, conf\u00e9rences, tables rondes\u2026<\/h3>\n\n\n\n<p class=\"has-secondary-color has-text-color has-link-color wp-elements-90ffb90b886f85d027c2db08acf7f4d2\" style=\"margin-top:0;margin-right:0;margin-bottom:0;margin-left:0\"><a href=\"https:\/\/atypiques-et-epanouis.fr\/?page_id=69\" data-type=\"page\" data-id=\"69\">En savoir plus \u2192<\/a><\/p>\n<\/div><\/div>\n<\/div>\n\n\n\n<div class=\"wp-block-column is-layout-flow wp-block-column-is-layout-flow\" style=\"padding-top:0;padding-right:0;padding-bottom:0;padding-left:0\">\n<div class=\"wp-block-cover has-custom-content-position is-position-bottom-left\" style=\"padding-top:var(--wp--preset--spacing--small);padding-right:var(--wp--preset--spacing--x-small);padding-bottom:var(--wp--preset--spacing--small);padding-left:var(--wp--preset--spacing--x-small);min-height:427px;aspect-ratio:unset;\"><span aria-hidden=\"true\" class=\"wp-block-cover__background has-primary-background-color has-background-dim-70 has-background-dim\"><\/span><img loading=\"lazy\" decoding=\"async\" width=\"395\" height=\"504\" class=\"wp-block-cover__image-background wp-image-152\" alt=\"\" src=\"https:\/\/atypiques-et-epanouis.fr\/wp-content\/uploads\/2024\/09\/IMG_8167.jpeg\" data-object-fit=\"cover\" srcset=\"https:\/\/atypiques-et-epanouis.fr\/wp-content\/uploads\/2024\/09\/IMG_8167.jpeg 395w, https:\/\/atypiques-et-epanouis.fr\/wp-content\/uploads\/2024\/09\/IMG_8167-235x300.jpeg 235w\" sizes=\"auto, (max-width: 395px) 100vw, 395px\" \/><div class=\"wp-block-cover__inner-container is-layout-flow wp-block-cover-is-layout-flow\">\n<h3 class=\"wp-block-heading has-white-color has-text-color has-medium-font-size\" style=\"margin-top:0;margin-right:0;margin-bottom:0;margin-left:0\">Interventions dans les \u00e9coles, aupr\u00e8s de professionnels\u2026<\/h3>\n\n\n\n<p class=\"has-secondary-color has-text-color has-link-color wp-elements-bf14ca862307e2658ad3fd573fd66c0b\" style=\"margin-top:0;margin-right:0;margin-bottom:0;margin-left:0\"><a href=\"https:\/\/atypiques-et-epanouis.fr\/?page_id=89\" data-type=\"page\" data-id=\"89\">En savoir plus \u2192<\/a><\/p>\n<\/div><\/div>\n<\/div>\n<\/div>\n\n\n\n<div style=\"height:103px\" aria-hidden=\"true\" class=\"wp-block-spacer\"><\/div>\n<\/div>\n\n\n\n<div class=\"wp-block-group alignfull has-global-padding is-layout-constrained wp-block-group-is-layout-constrained\">\n<div class=\"wp-block-group has-global-padding is-layout-constrained wp-block-group-is-layout-constrained\" style=\"padding-top:var(--wp--preset--spacing--small);padding-bottom:var(--wp--preset--spacing--small)\">\n<div style=\"height:30px\" aria-hidden=\"true\" class=\"wp-block-spacer\"><\/div>\n\n\n\n<div class=\"wp-block-columns is-layout-flex wp-container-core-columns-is-layout-c375d253 wp-block-columns-is-layout-flex\">\n<div class=\"wp-block-column is-vertically-aligned-center is-layout-flow wp-block-column-is-layout-flow\">\n<h2 class=\"wp-block-heading has-medium-font-size\" style=\"text-transform:uppercase\">\u00c0 PROPOS DE NOUS<\/h2>\n\n\n\n<p>Bas\u00e9e \u00e0 Pontoise, l\u2019Association \u00ab&nbsp;Atypiques et \u00e9panouis&nbsp;\u00bb a pour objectif d\u2019aider les enfants atypiques &#8211; ou non &#8211; et leurs familles. \u00c0 travers des conf\u00e9rences, des groupes de paroles, des ateliers et des interventions en milieu scolaire, \u00ab&nbsp;Atypiques et \u00e9panouis&nbsp;\u00bb veut permettre aux familles et aux enseignants de se renseigner et de partager sur les diff\u00e9rents profils atypiques : Haut Potentiel, Dyslexique, Dyspraxique, Dysphasique, Dyscalculique, Trouble D\u00e9ficit Attention avec ou sans Hyperactivit\u00e9, Troubles du Spectre Autistique\u2026<\/p>\n\n\n\n<div class=\"wp-block-buttons is-horizontal is-content-justification-left is-layout-flex wp-container-core-buttons-is-layout-20be11b6 wp-block-buttons-is-layout-flex\">\n<div class=\"wp-block-button is-style-outline is-style-outline--2\"><a class=\"wp-block-button__link wp-element-button\" href=\"https:\/\/atypiques-et-epanouis.fr\/?page_id=97\" style=\"border-radius:0px\">NOUS CONTACTER<\/a><\/div>\n<\/div>\n\n\n\n<p><\/p>\n<\/div>\n\n\n\n<div class=\"wp-block-column is-layout-flow wp-block-column-is-layout-flow\">\n<figure class=\"wp-block-image size-large\"><img loading=\"lazy\" decoding=\"async\" width=\"1024\" height=\"768\" src=\"https:\/\/atypiques-et-epanouis.fr\/wp-content\/uploads\/2024\/09\/IMG_8333-1024x768.jpeg\" alt=\"\" class=\"wp-image-304\" srcset=\"https:\/\/atypiques-et-epanouis.fr\/wp-content\/uploads\/2024\/09\/IMG_8333-1024x768.jpeg 1024w, https:\/\/atypiques-et-epanouis.fr\/wp-content\/uploads\/2024\/09\/IMG_8333-300x225.jpeg 300w, https:\/\/atypiques-et-epanouis.fr\/wp-content\/uploads\/2024\/09\/IMG_8333-2000x1500.jpeg 2000w\" sizes=\"auto, (max-width: 1024px) 100vw, 1024px\" \/><\/figure>\n<\/div>\n<\/div>\n\n\n\n<div style=\"height:30px\" aria-hidden=\"true\" class=\"wp-block-spacer\"><\/div>\n<\/div>\n<\/div>\n\n\n\n<div id=\"team\" class=\"wp-block-group has-global-padding is-layout-constrained wp-block-group-is-layout-constrained\">\n<div class=\"wp-block-group is-layout-flow wp-block-group-is-layout-flow\">\n<div style=\"height:74px\" aria-hidden=\"true\" class=\"wp-block-spacer\"><\/div>\n\n\n\n<h2 class=\"wp-block-heading\">Notre \u00e9quipe<\/h2>\n\n\n\n<div style=\"height:27px\" aria-hidden=\"true\" class=\"wp-block-spacer\"><\/div>\n\n\n\n<h3 class=\"wp-block-heading has-text-align-center\"><\/h3>\n<\/div>\n\n\n\n<div class=\"wp-block-media-text has-media-on-the-right is-stacked-on-mobile\" style=\"grid-template-columns:auto 29%\"><div class=\"wp-block-media-text__content\">\n<p class=\"has-text-align-center\"><strong>Notre pr\u00e9sidente<\/strong><\/p>\n\n\n\n<p><\/p>\n\n\n\n<p class=\"has-text-align-center\">Marie Defrance<\/p>\n\n\n\n<p class=\"has-text-align-center\">Enseignante dans le second degr\u00e9<br>Animatrice d\u2019atelier d\u2019\u00e9criture et d\u2019empathie<\/p>\n\n\n\n<p class=\"has-text-align-center\"><\/p>\n\n\n\n<p class=\"has-text-align-center\"><br><\/p>\n<\/div><figure class=\"wp-block-media-text__media\"><img loading=\"lazy\" decoding=\"async\" width=\"1024\" height=\"1024\" src=\"https:\/\/atypiques-et-epanouis.fr\/wp-content\/uploads\/2024\/09\/IMG_8323-edited-1024x1024.png\" alt=\"\" class=\"wp-image-291 size-full\" srcset=\"https:\/\/atypiques-et-epanouis.fr\/wp-content\/uploads\/2024\/09\/IMG_8323-edited-1024x1024.png 1024w, https:\/\/atypiques-et-epanouis.fr\/wp-content\/uploads\/2024\/09\/IMG_8323-edited-300x300.png 300w, https:\/\/atypiques-et-epanouis.fr\/wp-content\/uploads\/2024\/09\/IMG_8323-edited-150x150.png 150w, https:\/\/atypiques-et-epanouis.fr\/wp-content\/uploads\/2024\/09\/IMG_8323-edited.png 1125w\" sizes=\"auto, (max-width: 1024px) 100vw, 1024px\" \/><\/figure><\/div>\n<\/div>\n\n\n\n<div style=\"height:40px\" aria-hidden=\"true\" class=\"wp-block-spacer\"><\/div>\n\n\n\n<div class=\"wp-block-media-text is-stacked-on-mobile\" style=\"grid-template-columns:24% auto\"><figure class=\"wp-block-media-text__media\"><img loading=\"lazy\" decoding=\"async\" width=\"306\" height=\"397\" src=\"https:\/\/atypiques-et-epanouis.fr\/wp-content\/uploads\/2025\/03\/a30c96d5-30af-499f-80c6-c1ac7620634d-1.jpeg\" alt=\"\" class=\"wp-image-363 size-full\" srcset=\"https:\/\/atypiques-et-epanouis.fr\/wp-content\/uploads\/2025\/03\/a30c96d5-30af-499f-80c6-c1ac7620634d-1.jpeg 306w, https:\/\/atypiques-et-epanouis.fr\/wp-content\/uploads\/2025\/03\/a30c96d5-30af-499f-80c6-c1ac7620634d-1-231x300.jpeg 231w\" sizes=\"auto, (max-width: 306px) 100vw, 306px\" \/><\/figure><div class=\"wp-block-media-text__content\">\n<p class=\"has-text-align-center\"><strong>Notre secr\u00e9taire et tr\u00e9sori\u00e8re <\/strong><\/p>\n\n\n\n<p class=\"has-text-align-center\">Caroline Vermont <\/p>\n\n\n\n<p><\/p>\n<\/div><\/div>\n\n\n\n<div id=\"news\" class=\"wp-block-group has-global-padding is-layout-constrained wp-block-group-is-layout-constrained\">\n<div style=\"height:108px\" aria-hidden=\"true\" class=\"wp-block-spacer\"><\/div>\n\n\n\n<h2 class=\"wp-block-heading has-text-align-left\">Prochain \u00e9v\u00e9nement<\/h2>\n\n\n\n<div style=\"height:33px\" aria-hidden=\"true\" class=\"wp-block-spacer\"><\/div>\n<\/div>\n\n\n\n<p><\/p>\n","protected":false},"excerpt":{"rendered":"<p>UNE ASSOCIATION BAS\u00c9E \u00c0 CERGY-PONTOISE \u00ab&nbsp;Atypiques et \u00e9panouis&nbsp;\u00bb a pour but d\u2019\u0153uvrer pour l\u2019\u00e9panouissement de tous les enfants &#8211; atypiques ou non &#8211; et de leurs familles Ce que nous mettons \u00e0 votre disposition\u2026 \u00ab&nbsp;Atypiques et \u00e9panouis&nbsp;\u00bb et sa pr\u00e9sidente Gaelle M\u00e9nard mettent \u00e0 votre dispositions de nombreuses ressources, organisent des \u00e9v\u00e9nements tout au long &hellip; <\/p>\n<p class=\"link-more\"><a href=\"https:\/\/atypiques-et-epanouis.fr\/\" class=\"more-link\">Lire la suite de<span class=\"screen-reader-text\">\u00ab\u00a0ACCUEIL\u00a0\u00bb<\/span><\/a><\/p>\n","protected":false},"author":1,"featured_media":0,"parent":0,"menu_order":0,"comment_status":"closed","ping_status":"closed","template":"page-templates\/homepage-no-hero.php","meta":{"footnotes":""},"class_list":["post-8","page","type-page","status-publish","hentry"],"_links":{"self":[{"href":"https:\/\/atypiques-et-epanouis.fr\/index.php?rest_route=\/wp\/v2\/pages\/8","targetHints":{"allow":["GET"]}}],"collection":[{"href":"https:\/\/atypiques-et-epanouis.fr\/index.php?rest_route=\/wp\/v2\/pages"}],"about":[{"href":"https:\/\/atypiques-et-epanouis.fr\/index.php?rest_route=\/wp\/v2\/types\/page"}],"author":[{"embeddable":true,"href":"https:\/\/atypiques-et-epanouis.fr\/index.php?rest_route=\/wp\/v2\/users\/1"}],"replies":[{"embeddable":true,"href":"https:\/\/atypiques-et-epanouis.fr\/index.php?rest_route=%2Fwp%2Fv2%2Fcomments&post=8"}],"version-history":[{"count":36,"href":"https:\/\/atypiques-et-epanouis.fr\/index.php?rest_route=\/wp\/v2\/pages\/8\/revisions"}],"predecessor-version":[{"id":365,"href":"https:\/\/atypiques-et-epanouis.fr\/index.php?rest_route=\/wp\/v2\/pages\/8\/revisions\/365"}],"wp:attachment":[{"href":"https:\/\/atypiques-et-epanouis.fr\/index.php?rest_route=%2Fwp%2Fv2%2Fmedia&parent=8"}],"curies":[{"name":"wp","href":"https:\/\/api.w.org\/{rel}","templated":true}]}}