{"id":69,"date":"2024-08-23T06:57:32","date_gmt":"2024-08-23T06:57:32","guid":{"rendered":"https:\/\/atypiques-et-epanouis.fr\/?page_id=69"},"modified":"2025-10-14T09:52:34","modified_gmt":"2025-10-14T09:52:34","slug":"evenements-organises-par-lassociation","status":"publish","type":"page","link":"https:\/\/atypiques-et-epanouis.fr\/?page_id=69","title":{"rendered":"\u00c9V\u00c9NEMENTS ORGANIS\u00c9S PAR L\u2019ASSOCIATION"},"content":{"rendered":"\n<p class=\"has-text-align-center\"><\/p>\n\n\n\n<div class=\"wp-block-buttons is-content-justification-center is-layout-flex wp-container-core-buttons-is-layout-a89b3969 wp-block-buttons-is-layout-flex\">\n<div class=\"wp-block-button\"><a class=\"wp-block-button__link has-text-align-center wp-element-button\" href=\"https:\/\/www.helloasso.com\/associations\/atypiques-et-epanouis\/adhesions\/adhesion-a-l-association\" target=\"_blank\" rel=\"noreferrer noopener\">Adh\u00e9rer<\/a><\/div>\n<\/div>\n\n\n\n<div style=\"height:40px\" aria-hidden=\"true\" class=\"wp-block-spacer\"><\/div>\n\n\n\n<p><strong>\u00c9V\u00c9NEMENTS \u00c0 VENIR<\/strong><\/p>\n\n\n\n<div style=\"height:40px\" aria-hidden=\"true\" class=\"wp-block-spacer\"><\/div>\n\n\n\n<div class=\"wp-block-media-text is-stacked-on-mobile\"><figure class=\"wp-block-media-text__media\"><img loading=\"lazy\" decoding=\"async\" width=\"724\" height=\"1024\" src=\"https:\/\/atypiques-et-epanouis.fr\/wp-content\/uploads\/2025\/10\/Canva-Design-724x1024.png\" alt=\"\" class=\"wp-image-369 size-full\" srcset=\"https:\/\/atypiques-et-epanouis.fr\/wp-content\/uploads\/2025\/10\/Canva-Design-724x1024.png 724w, https:\/\/atypiques-et-epanouis.fr\/wp-content\/uploads\/2025\/10\/Canva-Design-212x300.png 212w, https:\/\/atypiques-et-epanouis.fr\/wp-content\/uploads\/2025\/10\/Canva-Design.png 1415w\" sizes=\"auto, (max-width: 724px) 100vw, 724px\" \/><\/figure><div class=\"wp-block-media-text__content\">\n<p>Voici notre premier \u00e9v\u00e9nement de l\u2019ann\u00e9e : un groupe de discussion sur le TDAH, ses cons\u00e9quences sur le quotidien\u2026<\/p>\n\n\n\n<p>Venez \u00e9changer dans un cadre bienveillant le 14 novembre 2025 \u00e0 20h30 \u00e0 l\u2019\u00e9cole Zebr\u2019ailes \u00e0 Pontoise.<\/p>\n\n\n\n<p>Pour participer, il suffit de vous inscrire (inscription gratuite pour les adh\u00e9rents) : <\/p>\n\n\n\n<p><\/p>\n\n\n\n<div class=\"wp-block-buttons is-content-justification-center is-layout-flex wp-container-core-buttons-is-layout-a89b3969 wp-block-buttons-is-layout-flex\">\n<div class=\"wp-block-button\"><a class=\"wp-block-button__link wp-element-button\" href=\"https:\/\/www.helloasso.com\/associations\/atypiques-et-epanouis\/evenements\/groupe-de-discussion-sur-le-tdah\">S\u2019inscrire<\/a><\/div>\n<\/div>\n<\/div><\/div>\n\n\n\n<div style=\"height:40px\" aria-hidden=\"true\" class=\"wp-block-spacer\"><\/div>\n\n\n\n<div style=\"height:0px\" aria-hidden=\"true\" class=\"wp-block-spacer\"><\/div>\n\n\n\n<hr class=\"wp-block-separator has-alpha-channel-opacity is-style-wide\"\/>\n\n\n\n<div style=\"height:40px\" aria-hidden=\"true\" class=\"wp-block-spacer\"><\/div>\n\n\n\n<div class=\"wp-block-media-text is-stacked-on-mobile\"><figure class=\"wp-block-media-text__media\"><img loading=\"lazy\" decoding=\"async\" width=\"724\" height=\"1024\" src=\"https:\/\/atypiques-et-epanouis.fr\/wp-content\/uploads\/2024\/11\/Affiche-evenement-journee-portes-ouvertes-ecole-illustratif-6-724x1024.png\" alt=\"\" class=\"wp-image-346 size-full\" srcset=\"https:\/\/atypiques-et-epanouis.fr\/wp-content\/uploads\/2024\/11\/Affiche-evenement-journee-portes-ouvertes-ecole-illustratif-6-724x1024.png 724w, https:\/\/atypiques-et-epanouis.fr\/wp-content\/uploads\/2024\/11\/Affiche-evenement-journee-portes-ouvertes-ecole-illustratif-6-212x300.png 212w, https:\/\/atypiques-et-epanouis.fr\/wp-content\/uploads\/2024\/11\/Affiche-evenement-journee-portes-ouvertes-ecole-illustratif-6.png 1587w\" sizes=\"auto, (max-width: 724px) 100vw, 724px\" \/><\/figure><div class=\"wp-block-media-text__content\">\n<p>Voici notre conf\u00e9rence sur le Haut Potentiel, pour vous inscrire suivez ce lien :<\/p>\n\n\n\n<div class=\"wp-block-buttons is-content-justification-center is-layout-flex wp-container-core-buttons-is-layout-a89b3969 wp-block-buttons-is-layout-flex\">\n<div class=\"wp-block-button\"><a class=\"wp-block-button__link wp-element-button\" href=\"https:\/\/www.helloasso.com\/associations\/atypiques-et-epanouis\/evenements\/conferences-et-tables-rondes-sur-le-haut-potentiel-intellectuel?_gl=1%2a16oqa9l%2a_gcl_au%2aMTU4MzA2OTc2NC4xNzM0MzUxOTM1\">S\u2019inscrire<\/a><\/div>\n<\/div>\n<\/div><\/div>\n\n\n\n<div style=\"height:40px\" aria-hidden=\"true\" class=\"wp-block-spacer\"><\/div>\n\n\n\n<div class=\"wp-block-media-text has-media-on-the-right is-stacked-on-mobile is-vertically-aligned-center\" style=\"grid-template-columns:auto 46%\"><div class=\"wp-block-media-text__content\">\n<p>Voici le lien pour vous inscrire : <a href=\"https:\/\/www.helloasso.com\/associations\/atypiques-et-epanouis\/evenements\/groupe-de-parole-d-enfants-en-difficulte-avec-l-ecole\">https:\/\/www.helloasso.com\/associations\/atypiques-et-epanouis\/evenements\/groupe-de-parole-d-enfants-en-difficulte-avec-l-ecole<\/a><\/p>\n<\/div><figure class=\"wp-block-media-text__media\"><img loading=\"lazy\" decoding=\"async\" width=\"1024\" height=\"473\" src=\"https:\/\/atypiques-et-epanouis.fr\/wp-content\/uploads\/2024\/11\/IMG_9328-1024x473.png\" alt=\"\" class=\"wp-image-347 size-full\" srcset=\"https:\/\/atypiques-et-epanouis.fr\/wp-content\/uploads\/2024\/11\/IMG_9328-1024x473.png 1024w, https:\/\/atypiques-et-epanouis.fr\/wp-content\/uploads\/2024\/11\/IMG_9328-300x139.png 300w, https:\/\/atypiques-et-epanouis.fr\/wp-content\/uploads\/2024\/11\/IMG_9328-2000x924.png 2000w\" sizes=\"auto, (max-width: 1024px) 100vw, 1024px\" \/><\/figure><\/div>\n\n\n\n<div style=\"height:40px\" aria-hidden=\"true\" class=\"wp-block-spacer\"><\/div>\n\n\n\n<div class=\"wp-block-media-text is-stacked-on-mobile\"><figure class=\"wp-block-media-text__media\"><img loading=\"lazy\" decoding=\"async\" width=\"724\" height=\"1024\" src=\"https:\/\/atypiques-et-epanouis.fr\/wp-content\/uploads\/2024\/11\/Affiche-evenement-journee-portes-ouvertes-ecole-illustratif-6-724x1024.png\" alt=\"\" class=\"wp-image-346 size-full\" srcset=\"https:\/\/atypiques-et-epanouis.fr\/wp-content\/uploads\/2024\/11\/Affiche-evenement-journee-portes-ouvertes-ecole-illustratif-6-724x1024.png 724w, https:\/\/atypiques-et-epanouis.fr\/wp-content\/uploads\/2024\/11\/Affiche-evenement-journee-portes-ouvertes-ecole-illustratif-6-212x300.png 212w, https:\/\/atypiques-et-epanouis.fr\/wp-content\/uploads\/2024\/11\/Affiche-evenement-journee-portes-ouvertes-ecole-illustratif-6.png 1587w\" sizes=\"auto, (max-width: 724px) 100vw, 724px\" \/><\/figure><div class=\"wp-block-media-text__content\">\n<p>Venez assist\u00e9 \u00e0 notre premi\u00e8re conf\u00e9rence de 2024 sur le Haut Potentiel Intellectuel : Particularit\u00e9s des personnes HPI, mise en place de PPHPI pour l\u2019\u00e9cole, am\u00e9nagements scolaires\u2026 tous les aspects de ce profil particulier seront abord\u00e9s par nos intervenants : l\u2019enseignante sp\u00e9cialis\u00e9e et pr\u00e9sidente d\u2019Atypiques et \u00e9panouis Gaelle M\u00e9nard, \u00c9ric Turon-Lagot psychologue reconnu, auteur de plusieurs livres sur le WISC IV et le WISC V et formateur de l\u2019\u00c9ducation Nationale.<\/p>\n\n\n\n<p>Pour vous inscrire, c\u2019est par ici : <a href=\"https:\/\/www.helloasso.com\/associations\/atypiques-et-epanouis\/evenements\/conferences-et-tables-rondes-sur-le-haut-potentiel-intellectuel\">https:\/\/www.helloasso.com\/associations\/atypiques-et-epanouis\/evenements\/conferences-et-tables-rondes-sur-le-haut-potentiel-intellectuel<\/a><\/p>\n\n\n\n<p><\/p>\n<\/div><\/div>\n\n\n\n<div style=\"height:40px\" aria-hidden=\"true\" class=\"wp-block-spacer\"><\/div>\n\n\n\n<div class=\"wp-block-group has-global-padding is-layout-constrained wp-block-group-is-layout-constrained\"><\/div>\n\n\n\n<p><strong>\u00c9V\u00c9NEMENTS PASS\u00c9S<\/strong><\/p>\n\n\n\n<div style=\"height:40px\" aria-hidden=\"true\" class=\"wp-block-spacer\"><\/div>\n\n\n\n<div class=\"wp-block-media-text is-stacked-on-mobile\" style=\"grid-template-columns:18% auto\"><figure class=\"wp-block-media-text__media\"><img loading=\"lazy\" decoding=\"async\" width=\"724\" height=\"1024\" src=\"https:\/\/atypiques-et-epanouis.fr\/wp-content\/uploads\/2024\/09\/IMG_0172-724x1024.jpeg\" alt=\"\" class=\"wp-image-319 size-full\" srcset=\"https:\/\/atypiques-et-epanouis.fr\/wp-content\/uploads\/2024\/09\/IMG_0172-724x1024.jpeg 724w, https:\/\/atypiques-et-epanouis.fr\/wp-content\/uploads\/2024\/09\/IMG_0172-212x300.jpeg 212w, https:\/\/atypiques-et-epanouis.fr\/wp-content\/uploads\/2024\/09\/IMG_0172.jpeg 1587w\" sizes=\"auto, (max-width: 724px) 100vw, 724px\" \/><\/figure><div class=\"wp-block-media-text__content\">\n<p>SAVE THE DATE !<\/p>\n\n\n\n<p>Premi\u00e8re conf\u00e9rence de l\u2019ann\u00e9e\u2026 Samedi 16 novembre de 10h \u00e0 12h \u00e0 Pontoise (95)<br><br>G\u00e9rer ses devoirs avec s\u00e9r\u00e9nit\u00e9 !<\/p>\n\n\n\n<p>Comment faire le lien entre \u00e9cole et famille ? Comment g\u00e9rer les devoirs dans un esprit de partenariat ?<\/p>\n\n\n\n<p>Anim\u00e9 par Mme Myriam Sanchez, praticienne en psychop\u00e9dagogie positive et Mme Gaelle M\u00e9nard, responsable de l\u2019\u00e9cole Zebr\u2019ailes et pr\u00e9sidente de l\u2019association Atypiques et \u00e9panouis.<\/p>\n<\/div><\/div>\n\n\n\n<div style=\"height:40px\" aria-hidden=\"true\" class=\"wp-block-spacer\"><\/div>\n\n\n\n<hr class=\"wp-block-separator has-alpha-channel-opacity is-style-wide\"\/>\n\n\n\n<figure class=\"wp-block-image size-large is-style-default\"><img loading=\"lazy\" decoding=\"async\" width=\"1024\" height=\"576\" src=\"https:\/\/atypiques-et-epanouis.fr\/wp-content\/uploads\/2024\/09\/affiche-groupe-de-parole-parents-14-Oct-1-1024x576.png\" alt=\"\" class=\"wp-image-176\" srcset=\"https:\/\/atypiques-et-epanouis.fr\/wp-content\/uploads\/2024\/09\/affiche-groupe-de-parole-parents-14-Oct-1-1024x576.png 1024w, https:\/\/atypiques-et-epanouis.fr\/wp-content\/uploads\/2024\/09\/affiche-groupe-de-parole-parents-14-Oct-1-300x169.png 300w, https:\/\/atypiques-et-epanouis.fr\/wp-content\/uploads\/2024\/09\/affiche-groupe-de-parole-parents-14-Oct-1.png 1600w\" sizes=\"auto, (max-width: 1024px) 100vw, 1024px\" \/><\/figure>\n\n\n\n<p><\/p>\n\n\n\n<hr class=\"wp-block-separator has-alpha-channel-opacity is-style-wide\"\/>\n\n\n\n<figure class=\"wp-block-image size-large is-resized\"><img loading=\"lazy\" decoding=\"async\" width=\"1024\" height=\"577\" src=\"https:\/\/atypiques-et-epanouis.fr\/wp-content\/uploads\/2024\/09\/affiche-groupe-parole-enseignants-1024x577.png\" alt=\"\" class=\"wp-image-172\" style=\"width:1134px;height:auto\" srcset=\"https:\/\/atypiques-et-epanouis.fr\/wp-content\/uploads\/2024\/09\/affiche-groupe-parole-enseignants-1024x577.png 1024w, https:\/\/atypiques-et-epanouis.fr\/wp-content\/uploads\/2024\/09\/affiche-groupe-parole-enseignants-300x169.png 300w, https:\/\/atypiques-et-epanouis.fr\/wp-content\/uploads\/2024\/09\/affiche-groupe-parole-enseignants.png 1137w\" sizes=\"auto, (max-width: 1024px) 100vw, 1024px\" \/><\/figure>\n\n\n\n<hr class=\"wp-block-separator has-alpha-channel-opacity is-style-wide\"\/>\n\n\n\n<figure class=\"wp-block-image size-large\"><img loading=\"lazy\" decoding=\"async\" width=\"1024\" height=\"576\" src=\"https:\/\/atypiques-et-epanouis.fr\/wp-content\/uploads\/2024\/09\/affiche-tdah-1024x576.png\" alt=\"\" class=\"wp-image-169\" srcset=\"https:\/\/atypiques-et-epanouis.fr\/wp-content\/uploads\/2024\/09\/affiche-tdah-1024x576.png 1024w, https:\/\/atypiques-et-epanouis.fr\/wp-content\/uploads\/2024\/09\/affiche-tdah-300x169.png 300w, https:\/\/atypiques-et-epanouis.fr\/wp-content\/uploads\/2024\/09\/affiche-tdah.png 1600w\" sizes=\"auto, (max-width: 1024px) 100vw, 1024px\" \/><\/figure>\n\n\n\n<hr class=\"wp-block-separator has-alpha-channel-opacity is-style-wide\"\/>\n\n\n\n<p><\/p>\n\n\n\n<p><\/p>\n\n\n\n<figure class=\"wp-block-image is-resized alignnone\"><img loading=\"lazy\" decoding=\"async\" width=\"1024\" height=\"577\" src=\"https:\/\/atypiques-et-epanouis.fr\/wp-content\/uploads\/2024\/09\/affiche-hp-tsa-21-mai-1024x577.png\" alt=\"\" class=\"wp-image-171\" style=\"width:1137px;height:auto\" srcset=\"https:\/\/atypiques-et-epanouis.fr\/wp-content\/uploads\/2024\/09\/affiche-hp-tsa-21-mai-1024x577.png 1024w, https:\/\/atypiques-et-epanouis.fr\/wp-content\/uploads\/2024\/09\/affiche-hp-tsa-21-mai-300x169.png 300w, https:\/\/atypiques-et-epanouis.fr\/wp-content\/uploads\/2024\/09\/affiche-hp-tsa-21-mai.png 1142w\" sizes=\"auto, (max-width: 1024px) 100vw, 1024px\" \/><\/figure>\n\n\n\n<hr class=\"wp-block-separator has-alpha-channel-opacity is-style-wide\"\/>\n\n\n\n<div class=\"wp-block-media-text is-stacked-on-mobile\"><figure class=\"wp-block-media-text__media\"><\/figure><div class=\"wp-block-media-text__content\">\n<p><\/p>\n<\/div><\/div>\n\n\n\n<p><\/p>\n","protected":false},"excerpt":{"rendered":"<p>\u00c9V\u00c9NEMENTS \u00c0 VENIR Voici le lien pour vous inscrire : https:\/\/www.helloasso.com\/associations\/atypiques-et-epanouis\/evenements\/groupe-de-parole-d-enfants-en-difficulte-avec-l-ecole Venez assist\u00e9 \u00e0 notre premi\u00e8re conf\u00e9rence de 2024 sur le Haut Potentiel Intellectuel : Particularit\u00e9s des personnes HPI, mise en place de PPHPI pour l\u2019\u00e9cole, am\u00e9nagements scolaires\u2026 tous les aspects de ce profil particulier seront abord\u00e9s par nos intervenants : l\u2019enseignante sp\u00e9cialis\u00e9e et pr\u00e9sidente &hellip; <\/p>\n<p class=\"link-more\"><a href=\"https:\/\/atypiques-et-epanouis.fr\/?page_id=69\" class=\"more-link\">Lire la suite de<span class=\"screen-reader-text\">\u00ab\u00a0\u00c9V\u00c9NEMENTS ORGANIS\u00c9S PAR L\u2019ASSOCIATION\u00a0\u00bb<\/span><\/a><\/p>\n","protected":false},"author":1,"featured_media":0,"parent":0,"menu_order":0,"comment_status":"closed","ping_status":"closed","template":"","meta":{"footnotes":""},"class_list":["post-69","page","type-page","status-publish","hentry"],"_links":{"self":[{"href":"https:\/\/atypiques-et-epanouis.fr\/index.php?rest_route=\/wp\/v2\/pages\/69","targetHints":{"allow":["GET"]}}],"collection":[{"href":"https:\/\/atypiques-et-epanouis.fr\/index.php?rest_route=\/wp\/v2\/pages"}],"about":[{"href":"https:\/\/atypiques-et-epanouis.fr\/index.php?rest_route=\/wp\/v2\/types\/page"}],"author":[{"embeddable":true,"href":"https:\/\/atypiques-et-epanouis.fr\/index.php?rest_route=\/wp\/v2\/users\/1"}],"replies":[{"embeddable":true,"href":"https:\/\/atypiques-et-epanouis.fr\/index.php?rest_route=%2Fwp%2Fv2%2Fcomments&post=69"}],"version-history":[{"count":35,"href":"https:\/\/atypiques-et-epanouis.fr\/index.php?rest_route=\/wp\/v2\/pages\/69\/revisions"}],"predecessor-version":[{"id":370,"href":"https:\/\/atypiques-et-epanouis.fr\/index.php?rest_route=\/wp\/v2\/pages\/69\/revisions\/370"}],"wp:attachment":[{"href":"https:\/\/atypiques-et-epanouis.fr\/index.php?rest_route=%2Fwp%2Fv2%2Fmedia&parent=69"}],"curies":[{"name":"wp","href":"https:\/\/api.w.org\/{rel}","templated":true}]}}