{"id":56,"date":"2024-08-23T06:39:42","date_gmt":"2024-08-23T06:39:42","guid":{"rendered":"https:\/\/atypiques-et-epanouis.fr\/?page_id=56"},"modified":"2024-08-23T06:40:54","modified_gmt":"2024-08-23T06:40:54","slug":"pour-les-parents","status":"publish","type":"page","link":"https:\/\/atypiques-et-epanouis.fr\/?page_id=56","title":{"rendered":"Pour les parents"},"content":{"rendered":"\n<p><\/p>\n\n\n\n<p>\u00catre un aidant pour un enfant atypique \u2013 qu\u2019il pr\u00e9sente un trouble Dys, un Trouble du Spectre Autistique, un Trouble D\u00e9ficitaire de l\u2019Attention avec ou sans Hyperactivit\u00e9\u2026 est loin d\u2019\u00eatre chose facile. M\u00eame dans le cas d\u2019un enfant \u00e0 Haut Potentiel Intellectuel, le soutenir pour faire avec sa diff\u00e9rence peut \u00eatre ardu.<\/p>\n\n\n\n<figure class=\"wp-block-image alignleft size-full is-resized\"><img loading=\"lazy\" decoding=\"async\" width=\"1024\" height=\"1024\" src=\"https:\/\/atypiques-et-epanouis.fr\/wp-content\/uploads\/2024\/08\/C0716FE3-E10F-4A6D-A5A4-1954875B110F.jpeg\" alt=\"\" class=\"wp-image-58\" style=\"width:259px;height:auto\" srcset=\"https:\/\/atypiques-et-epanouis.fr\/wp-content\/uploads\/2024\/08\/C0716FE3-E10F-4A6D-A5A4-1954875B110F.jpeg 1024w, https:\/\/atypiques-et-epanouis.fr\/wp-content\/uploads\/2024\/08\/C0716FE3-E10F-4A6D-A5A4-1954875B110F-300x300.jpeg 300w, https:\/\/atypiques-et-epanouis.fr\/wp-content\/uploads\/2024\/08\/C0716FE3-E10F-4A6D-A5A4-1954875B110F-150x150.jpeg 150w\" sizes=\"auto, (max-width: 1024px) 100vw, 1024px\" \/><\/figure>\n\n\n\n<p>Un accompagnement bienveillant est la premi\u00e8re chose qui leur est n\u00e9cessaire, mais bien souvent, cela ne suffit pas. Pour pouvoir les guider vers les bons professionnels, compl\u00e9ter les efforts de ceux-ci pour plus d\u2019efficacit\u00e9 ont tout b\u00eatement pour ne pas leur reprocher certains faits, certaines attitudes auxquels ils ne peuvent rien puisqu\u2019ils sont d\u00fbs \u00e0 leur atypie.<\/p>\n\n\n\n<p>Cette mont\u00e9e en comp\u00e9tence n\u2019est pas forc\u00e9ment facile \u00e0 assumer en plus de toutes les autres responsabilit\u00e9s familiales, professionnelles\u2026 C\u2019est pour aider chaque parent, enseignant concern\u00e9, \u00e0 approfondir ses connaissances, \u00e0 aborder les particularit\u00e9s de son enfant ou ses \u00e9l\u00e8ves de fa\u00e7on diff\u00e9rente qu\u2019Atypiques et \u00e9panouis propose des rencontres sur le Haut Potentiel, les diff\u00e9rents troubles sp\u00e9cifiques de l\u2019apprentissage ou du spectre autistique\u2026 pour l\u2019aider \u00e0 s\u2019\u00e9panouir avec ses diff\u00e9rentes.<\/p>\n\n\n\n<figure class=\"wp-block-image alignright size-full is-resized\"><img loading=\"lazy\" decoding=\"async\" width=\"1024\" height=\"1024\" src=\"https:\/\/atypiques-et-epanouis.fr\/wp-content\/uploads\/2024\/08\/F85500D2-057A-47BA-BD69-59F15E03FD8B.webp\" alt=\"\" class=\"wp-image-57\" style=\"width:305px;height:auto\" srcset=\"https:\/\/atypiques-et-epanouis.fr\/wp-content\/uploads\/2024\/08\/F85500D2-057A-47BA-BD69-59F15E03FD8B.webp 1024w, https:\/\/atypiques-et-epanouis.fr\/wp-content\/uploads\/2024\/08\/F85500D2-057A-47BA-BD69-59F15E03FD8B-300x300.webp 300w, https:\/\/atypiques-et-epanouis.fr\/wp-content\/uploads\/2024\/08\/F85500D2-057A-47BA-BD69-59F15E03FD8B-150x150.webp 150w\" sizes=\"auto, (max-width: 1024px) 100vw, 1024px\" \/><\/figure>\n\n\n\n<p>Comme ces enfants sont avant tout des enfants comme les autres, des conf\u00e9rences plus g\u00e9n\u00e9rales pour le bien-\u00eatre de tous les enfants et de leurs parents, ayant par exemple pour th\u00e8me l\u2019alimentation, le sommeil, les devoirs\u2026<\/p>\n\n\n\n<p>Comme \u00eatre un aidant pour un enfant atypique n\u2019est pas toujours facile et peut m\u00eame parfois ressembler \u00e0 un parcours du combattant, des tables rondes sp\u00e9cifiques \u00e0 chacun des profils sont \u00e9galement organis\u00e9es au sein de l\u2019association pour les familles comme pour les enseignants.<\/p>\n\n\n\n<p>Ces tables rondes peuvent \u00eatre l\u2019occasion de lib\u00e9rer sa parole dans un contexte bienveillant o\u00f9 vos paroles seront accept\u00e9es et comprises. Elles peuvent aussi vous permettre de vous all\u00e9ger \u00e9motionnellement, de voir que vous n\u2019\u00eates pas les seuls dans \u00eatre situation, de b\u00e9n\u00e9ficier du ressenti, de l\u2019exp\u00e9rience, de leur faire profiter des v\u00f4tres\u2026 et pourquoi pas de trouver quelques pistes de solution.<\/p>\n\n\n\n<p>Si des vous avez des questions, des remarques, n\u2019h\u00e9sitez pas \u00e0 nous contacter via notre adresse mail&nbsp;: <a href=\"mailto:atypiques.epanouis@gmail.com\">atypiques.epanouis@gmail.com<\/a>.<\/p>\n\n\n\n<p><\/p>\n\n\n<div class=\"has-text-align-right wp-block-post-author-name\">Marie Defrance<\/div>\n\n\n<p><\/p>\n","protected":false},"excerpt":{"rendered":"<p>\u00catre un aidant pour un enfant atypique \u2013 qu\u2019il pr\u00e9sente un trouble Dys, un Trouble du Spectre Autistique, un Trouble D\u00e9ficitaire de l\u2019Attention avec ou sans Hyperactivit\u00e9\u2026 est loin d\u2019\u00eatre chose facile. M\u00eame dans le cas d\u2019un enfant \u00e0 Haut Potentiel Intellectuel, le soutenir pour faire avec sa diff\u00e9rence peut \u00eatre ardu. Un accompagnement bienveillant &hellip; <\/p>\n<p class=\"link-more\"><a href=\"https:\/\/atypiques-et-epanouis.fr\/?page_id=56\" class=\"more-link\">Lire la suite de<span class=\"screen-reader-text\">\u00ab\u00a0Pour les parents\u00a0\u00bb<\/span><\/a><\/p>\n","protected":false},"author":2,"featured_media":0,"parent":0,"menu_order":0,"comment_status":"closed","ping_status":"closed","template":"","meta":{"footnotes":""},"class_list":["post-56","page","type-page","status-publish","hentry"],"_links":{"self":[{"href":"https:\/\/atypiques-et-epanouis.fr\/index.php?rest_route=\/wp\/v2\/pages\/56","targetHints":{"allow":["GET"]}}],"collection":[{"href":"https:\/\/atypiques-et-epanouis.fr\/index.php?rest_route=\/wp\/v2\/pages"}],"about":[{"href":"https:\/\/atypiques-et-epanouis.fr\/index.php?rest_route=\/wp\/v2\/types\/page"}],"author":[{"embeddable":true,"href":"https:\/\/atypiques-et-epanouis.fr\/index.php?rest_route=\/wp\/v2\/users\/2"}],"replies":[{"embeddable":true,"href":"https:\/\/atypiques-et-epanouis.fr\/index.php?rest_route=%2Fwp%2Fv2%2Fcomments&post=56"}],"version-history":[{"count":3,"href":"https:\/\/atypiques-et-epanouis.fr\/index.php?rest_route=\/wp\/v2\/pages\/56\/revisions"}],"predecessor-version":[{"id":61,"href":"https:\/\/atypiques-et-epanouis.fr\/index.php?rest_route=\/wp\/v2\/pages\/56\/revisions\/61"}],"wp:attachment":[{"href":"https:\/\/atypiques-et-epanouis.fr\/index.php?rest_route=%2Fwp%2Fv2%2Fmedia&parent=56"}],"curies":[{"name":"wp","href":"https:\/\/api.w.org\/{rel}","templated":true}]}}