{"id":51,"date":"2024-08-23T06:23:32","date_gmt":"2024-08-23T06:23:32","guid":{"rendered":"https:\/\/atypiques-et-epanouis.fr\/?page_id=51"},"modified":"2024-08-23T06:23:32","modified_gmt":"2024-08-23T06:23:32","slug":"trouble-deficitaire-de-lattention-avec-ou-sans-hyperactivite-tdah","status":"publish","type":"page","link":"https:\/\/atypiques-et-epanouis.fr\/?page_id=51","title":{"rendered":"Trouble D\u00e9ficitaire de l\u2019Attention avec ou sans Hyperactivit\u00e9 (TDAH)"},"content":{"rendered":"\n<p>Le Trouble D\u00e9ficitaire de l\u2019Attention avec ou sans Hyperactivit\u00e9 ou TDAH est un trouble dont les sympt\u00f4mes les plus \u00e9vidents sont le manque d\u2019attention et la difficult\u00e9 \u00e0 se concentrer sur une activit\u00e9 particuli\u00e8re, notamment si celle-ci demande un effort mental prolong\u00e9. Cette description globale renvoie toutefois \u00e0 des r\u00e9alit\u00e9s qui peuvent \u00eatre bien diff\u00e9rentes tant les profils peuvent \u00eatre diff\u00e9rents d\u2019une personne \u00e0 l\u2019autre en fonction de l\u2019intensit\u00e9 avec laquelle les quatre composantes de l\u2019attention sont touch\u00e9es (attention soutenue, attention s\u00e9lective, attention&nbsp;divis\u00e9e et attention ex\u00e9cutive).<\/p>\n\n\n\n<figure class=\"wp-block-image alignright size-full is-resized\"><img loading=\"lazy\" decoding=\"async\" width=\"1024\" height=\"1024\" src=\"https:\/\/atypiques-et-epanouis.fr\/wp-content\/uploads\/2024\/08\/D5370730-6401-479D-84CF-0F1CF774DFEE.jpeg\" alt=\"\" class=\"wp-image-52\" style=\"width:314px;height:auto\" srcset=\"https:\/\/atypiques-et-epanouis.fr\/wp-content\/uploads\/2024\/08\/D5370730-6401-479D-84CF-0F1CF774DFEE.jpeg 1024w, https:\/\/atypiques-et-epanouis.fr\/wp-content\/uploads\/2024\/08\/D5370730-6401-479D-84CF-0F1CF774DFEE-300x300.jpeg 300w, https:\/\/atypiques-et-epanouis.fr\/wp-content\/uploads\/2024\/08\/D5370730-6401-479D-84CF-0F1CF774DFEE-150x150.jpeg 150w\" sizes=\"auto, (max-width: 1024px) 100vw, 1024px\" \/><\/figure>\n\n\n\n<p>Cette h\u00e9t\u00e9rog\u00e9n\u00e9it\u00e9 rend parfois difficile le diagnostique d\u2019autant plus que des troubles associ\u00e9s ou autres sp\u00e9cificit\u00e9s sont souvent pr\u00e9sents. Les filles \u2013 qui ont souvent un profil plus \u00ab&nbsp;inattentive&nbsp;\u00bb sans hyperactivit\u00e9 sont souvent plus difficiles \u00e0 d\u00e9tecter car elles arrivent souvent \u00e0 mettre en place des strat\u00e9gies compensatoires qui cachent leur trouble.<\/p>\n\n\n\n<p>Le TDAH se compose de trois caract\u00e9ristiques principales&nbsp;: l\u2019inattention, l\u2019impulsivit\u00e9 et l\u2019hyperactivit\u00e9. L\u2019inattention se manifeste par des difficult\u00e9s \u00e0 rester concentr\u00e9 de mani\u00e8re soutenue, une distractibilit\u00e9 forte, des oublis fr\u00e9quents\u2026 L\u2019impulsivit\u00e9 se trahit par une propension \u00e0 agir sans r\u00e9fl\u00e9chir, des prises de d\u00e9cisions \u00e0 la h\u00e2te ou une tendance \u00e0 interrompre les autres, \u00e0 avoir du mal \u00e0 attendre son tour\u2026 L\u2019hyperactivit\u00e9, quant \u00e0 elle, se voit par des difficult\u00e9s \u00e0 rester en place, une agitation quasi constante int\u00e9rieure comme ext\u00e9rieure, une tendance \u00e0 parler excessivement.<\/p>\n\n\n\n<p>D\u2019autres difficult\u00e9s viennent s\u2019ajouter \u00e0 cela&nbsp;:<\/p>\n\n\n\n<p>\u00b7&nbsp;&nbsp;&nbsp;&nbsp;&nbsp; Des faiblesses au niveau de la m\u00e9moire de travail<\/p>\n\n\n\n<p>\u00b7&nbsp;&nbsp;&nbsp;&nbsp;&nbsp; Une autor\u00e9gulation \u00e9motionnelle compliqu\u00e9e avec des changements d\u2019humeur rapides et suscit\u00e9 par de petits \u00e9v\u00e9nements, une mauvaise gestion de la frustration, des soucis relationnels\u2026<\/p>\n\n\n\n<p>\u00b7&nbsp;&nbsp;&nbsp;&nbsp;&nbsp; Une mauvaise estime de soi<\/p>\n\n\n\n<p>\u00b7&nbsp;&nbsp;&nbsp;&nbsp;&nbsp; Des g\u00eanes importantes pour s\u2019adapter aux changements de consignes<\/p>\n\n\n\n<p>\u00b7&nbsp;&nbsp;&nbsp;&nbsp;&nbsp; Des difficult\u00e9s \u00e0 planifier, organiser des t\u00e2ches de mani\u00e8re efficace, en particulier sur le long terme, \u00e0 respecter des d\u00e9lais.<\/p>\n\n\n\n<p>Ces probl\u00e9matiques sont pr\u00e9sentes sur le long terme et entravant non seulement le travail scolaire, mais aussi le quotidien de l\u2019enfant comme de sa famille. Un diagnostique et des aides appropri\u00e9es \u2013 parfois m\u00e9dicamenteuses \u2013 sont essentielles pour aider les personnes pr\u00e9sentant un TDAH \u00e0 g\u00e9rer leurs sympt\u00f4mes et \u00e0 \u00eatre plus \u00e9panouis.<\/p>\n","protected":false},"excerpt":{"rendered":"<p>Le Trouble D\u00e9ficitaire de l\u2019Attention avec ou sans Hyperactivit\u00e9 ou TDAH est un trouble dont les sympt\u00f4mes les plus \u00e9vidents sont le manque d\u2019attention et la difficult\u00e9 \u00e0 se concentrer sur une activit\u00e9 particuli\u00e8re, notamment si celle-ci demande un effort mental prolong\u00e9. Cette description globale renvoie toutefois \u00e0 des r\u00e9alit\u00e9s qui peuvent \u00eatre bien diff\u00e9rentes &hellip; <\/p>\n<p class=\"link-more\"><a href=\"https:\/\/atypiques-et-epanouis.fr\/?page_id=51\" class=\"more-link\">Lire la suite de<span class=\"screen-reader-text\">\u00ab\u00a0Trouble D\u00e9ficitaire de l\u2019Attention avec ou sans Hyperactivit\u00e9 (TDAH)\u00a0\u00bb<\/span><\/a><\/p>\n","protected":false},"author":1,"featured_media":0,"parent":0,"menu_order":0,"comment_status":"closed","ping_status":"closed","template":"","meta":{"footnotes":""},"class_list":["post-51","page","type-page","status-publish","hentry"],"_links":{"self":[{"href":"https:\/\/atypiques-et-epanouis.fr\/index.php?rest_route=\/wp\/v2\/pages\/51","targetHints":{"allow":["GET"]}}],"collection":[{"href":"https:\/\/atypiques-et-epanouis.fr\/index.php?rest_route=\/wp\/v2\/pages"}],"about":[{"href":"https:\/\/atypiques-et-epanouis.fr\/index.php?rest_route=\/wp\/v2\/types\/page"}],"author":[{"embeddable":true,"href":"https:\/\/atypiques-et-epanouis.fr\/index.php?rest_route=\/wp\/v2\/users\/1"}],"replies":[{"embeddable":true,"href":"https:\/\/atypiques-et-epanouis.fr\/index.php?rest_route=%2Fwp%2Fv2%2Fcomments&post=51"}],"version-history":[{"count":1,"href":"https:\/\/atypiques-et-epanouis.fr\/index.php?rest_route=\/wp\/v2\/pages\/51\/revisions"}],"predecessor-version":[{"id":53,"href":"https:\/\/atypiques-et-epanouis.fr\/index.php?rest_route=\/wp\/v2\/pages\/51\/revisions\/53"}],"wp:attachment":[{"href":"https:\/\/atypiques-et-epanouis.fr\/index.php?rest_route=%2Fwp%2Fv2%2Fmedia&parent=51"}],"curies":[{"name":"wp","href":"https:\/\/api.w.org\/{rel}","templated":true}]}}