{"id":102,"date":"2024-08-23T08:03:07","date_gmt":"2024-08-23T08:03:07","guid":{"rendered":"https:\/\/atypiques-et-epanouis.fr\/?page_id=102"},"modified":"2025-02-03T10:48:39","modified_gmt":"2025-02-03T10:48:39","slug":"nos-precedentes-conferences","status":"publish","type":"page","link":"https:\/\/atypiques-et-epanouis.fr\/?page_id=102","title":{"rendered":"NOS PR\u00c9C\u00c9DENTES CONF\u00c9RENCES"},"content":{"rendered":"\n<p><\/p>\n\n\n\n<p>Sur cette page, vous pourrez trouver quelques unes des interventions pr\u00e9c\u00e9demment faites par l\u2019association \u00ab&nbsp;Atypiques et \u00e9panouis&nbsp;\u00bblorsqu\u2019elle s\u2019appelait encore \u00ab&nbsp;Pontentialdys&nbsp;\u00bb. <\/p>\n\n\n\n<div style=\"height:40px\" aria-hidden=\"true\" class=\"wp-block-spacer\"><\/div>\n\n\n\n<figure class=\"wp-block-embed is-type-video is-provider-youtube wp-block-embed-youtube wp-embed-aspect-16-9 wp-has-aspect-ratio\"><div class=\"wp-block-embed__wrapper\">\n<iframe loading=\"lazy\" title=\"Gaelle M\u00e9nard &quot;Les troubles de l&#039;\u00e9criture&quot;\" width=\"950\" height=\"534\" src=\"https:\/\/www.youtube.com\/embed\/A1k69W025So?feature=oembed\" frameborder=\"0\" allow=\"accelerometer; autoplay; clipboard-write; encrypted-media; gyroscope; picture-in-picture; web-share\" referrerpolicy=\"strict-origin-when-cross-origin\" allowfullscreen><\/iframe>\n<\/div><\/figure>\n\n\n\n<p><\/p>\n\n\n\n<figure class=\"wp-block-embed is-type-video is-provider-youtube wp-block-embed-youtube wp-embed-aspect-16-9 wp-has-aspect-ratio\"><div class=\"wp-block-embed__wrapper\">\n<iframe loading=\"lazy\" title=\"Gaelle M\u00e9nard : Une p\u00e9dagogie valorisante\" width=\"950\" height=\"534\" src=\"https:\/\/www.youtube.com\/embed\/zgN1GcV7e1M?feature=oembed\" frameborder=\"0\" allow=\"accelerometer; autoplay; clipboard-write; encrypted-media; gyroscope; picture-in-picture; web-share\" referrerpolicy=\"strict-origin-when-cross-origin\" allowfullscreen><\/iframe>\n<\/div><\/figure>\n\n\n\n<p><\/p>\n\n\n\n<figure class=\"wp-block-embed is-type-video is-provider-youtube wp-block-embed-youtube wp-embed-aspect-16-9 wp-has-aspect-ratio\"><div class=\"wp-block-embed__wrapper\">\n<iframe loading=\"lazy\" title=\"Ga\u00eblle Menard : Une p\u00e9dagogie de l&#039;expression de soi par le dessin\" width=\"950\" height=\"534\" src=\"https:\/\/www.youtube.com\/embed\/CG-Ub3lUkFg?feature=oembed\" frameborder=\"0\" allow=\"accelerometer; autoplay; clipboard-write; encrypted-media; gyroscope; picture-in-picture; web-share\" referrerpolicy=\"strict-origin-when-cross-origin\" allowfullscreen><\/iframe>\n<\/div><\/figure>\n\n\n\n<p><\/p>\n\n\n\n<figure class=\"wp-block-embed is-type-video is-provider-youtube wp-block-embed-youtube wp-embed-aspect-16-9 wp-has-aspect-ratio\"><div class=\"wp-block-embed__wrapper\">\n<iframe loading=\"lazy\" title=\"Gaelle M\u00e9nard : Une gestion p\u00e9dagogique\" width=\"950\" height=\"534\" src=\"https:\/\/www.youtube.com\/embed\/zsCzjgYKIgo?feature=oembed\" frameborder=\"0\" allow=\"accelerometer; autoplay; clipboard-write; encrypted-media; gyroscope; picture-in-picture; web-share\" referrerpolicy=\"strict-origin-when-cross-origin\" allowfullscreen><\/iframe>\n<\/div><\/figure>\n\n\n\n<p><\/p>\n","protected":false},"excerpt":{"rendered":"<p>Sur cette page, vous pourrez trouver quelques unes des interventions pr\u00e9c\u00e9demment faites par l\u2019association \u00ab&nbsp;Atypiques et \u00e9panouis&nbsp;\u00bblorsqu\u2019elle s\u2019appelait encore \u00ab&nbsp;Pontentialdys&nbsp;\u00bb.<\/p>\n","protected":false},"author":1,"featured_media":0,"parent":0,"menu_order":0,"comment_status":"closed","ping_status":"closed","template":"","meta":{"footnotes":""},"class_list":["post-102","page","type-page","status-publish","hentry"],"_links":{"self":[{"href":"https:\/\/atypiques-et-epanouis.fr\/index.php?rest_route=\/wp\/v2\/pages\/102","targetHints":{"allow":["GET"]}}],"collection":[{"href":"https:\/\/atypiques-et-epanouis.fr\/index.php?rest_route=\/wp\/v2\/pages"}],"about":[{"href":"https:\/\/atypiques-et-epanouis.fr\/index.php?rest_route=\/wp\/v2\/types\/page"}],"author":[{"embeddable":true,"href":"https:\/\/atypiques-et-epanouis.fr\/index.php?rest_route=\/wp\/v2\/users\/1"}],"replies":[{"embeddable":true,"href":"https:\/\/atypiques-et-epanouis.fr\/index.php?rest_route=%2Fwp%2Fv2%2Fcomments&post=102"}],"version-history":[{"count":6,"href":"https:\/\/atypiques-et-epanouis.fr\/index.php?rest_route=\/wp\/v2\/pages\/102\/revisions"}],"predecessor-version":[{"id":354,"href":"https:\/\/atypiques-et-epanouis.fr\/index.php?rest_route=\/wp\/v2\/pages\/102\/revisions\/354"}],"wp:attachment":[{"href":"https:\/\/atypiques-et-epanouis.fr\/index.php?rest_route=%2Fwp%2Fv2%2Fmedia&parent=102"}],"curies":[{"name":"wp","href":"https:\/\/api.w.org\/{rel}","templated":true}]}}